{"id":1752,"date":"2022-03-14T14:57:39","date_gmt":"2022-03-14T14:57:39","guid":{"rendered":"https:\/\/editionsbarometre.com\/?page_id=1752"},"modified":"2022-08-09T13:15:38","modified_gmt":"2022-08-09T11:15:38","slug":"inscription-a-la-newsletter","status":"publish","type":"page","link":"https:\/\/editionsbarometre.fr\/index.php\/inscription-a-la-newsletter\/","title":{"rendered":"Inscription \u00e0 la newsletter"},"content":{"rendered":"\t\t<div data-elementor-type=\"wp-page\" data-elementor-id=\"1752\" class=\"elementor elementor-1752\" data-elementor-post-type=\"page\">\n\t\t\t\t\t\t<section class=\"elementor-section elementor-top-section elementor-element elementor-element-0a14c8c elementor-section-boxed elementor-section-height-default elementor-section-height-default\" data-id=\"0a14c8c\" data-element_type=\"section\" data-e-type=\"section\">\n\t\t\t\t\t\t<div class=\"elementor-container elementor-column-gap-default\">\n\t\t\t\t\t<div class=\"elementor-column elementor-col-100 elementor-top-column elementor-element elementor-element-8e472b0\" data-id=\"8e472b0\" data-element_type=\"column\" data-e-type=\"column\">\n\t\t\t<div class=\"elementor-widget-wrap elementor-element-populated\">\n\t\t\t\t\t\t<div class=\"elementor-element elementor-element-7d60117 elementor-widget elementor-widget-spacer\" data-id=\"7d60117\" data-element_type=\"widget\" data-e-type=\"widget\" data-widget_type=\"spacer.default\">\n\t\t\t\t<div class=\"elementor-widget-container\">\n\t\t\t\t\t\t\t<div class=\"elementor-spacer\">\n\t\t\t<div class=\"elementor-spacer-inner\"><\/div>\n\t\t<\/div>\n\t\t\t\t\t\t<\/div>\n\t\t\t\t<\/div>\n\t\t\t\t\t<\/div>\n\t\t<\/div>\n\t\t\t\t\t<\/div>\n\t\t<\/section>\n\t\t\t\t<section class=\"elementor-section elementor-top-section elementor-element elementor-element-9e7295e elementor-section-boxed elementor-section-height-default elementor-section-height-default\" data-id=\"9e7295e\" data-element_type=\"section\" data-e-type=\"section\">\n\t\t\t\t\t\t<div class=\"elementor-container elementor-column-gap-default\">\n\t\t\t\t\t<div class=\"elementor-column elementor-col-16 elementor-top-column elementor-element elementor-element-3538b24\" data-id=\"3538b24\" data-element_type=\"column\" data-e-type=\"column\">\n\t\t\t<div class=\"elementor-widget-wrap\">\n\t\t\t\t\t\t\t<\/div>\n\t\t<\/div>\n\t\t\t\t<div class=\"elementor-column elementor-col-66 elementor-top-column elementor-element elementor-element-9373be7\" data-id=\"9373be7\" data-element_type=\"column\" data-e-type=\"column\">\n\t\t\t<div class=\"elementor-widget-wrap elementor-element-populated\">\n\t\t\t\t\t\t<div class=\"elementor-element elementor-element-1296f06 elementor-widget elementor-widget-text-editor\" data-id=\"1296f06\" data-element_type=\"widget\" data-e-type=\"widget\" data-widget_type=\"text-editor.default\">\n\t\t\t\t<div class=\"elementor-widget-container\">\n\t\t\t\t\t\t\t\t\t<p><span style=\"font-size: 17px;\">Vous souhaitez suivre l&rsquo;actualit\u00e9 des \u00e9ditions Barom\u00e8tre, les nouvelles parutions, les \u00e9v\u00e9nements&#8230; Vous serez tenu r\u00e9guli\u00e8rement inform\u00e9 en vous inscrivant \u00e0 la newsletter.<\/span><\/p><p>\u00a0<\/p>\t\t\t\t\t\t\t\t<\/div>\n\t\t\t\t<\/div>\n\t\t\t\t\t<\/div>\n\t\t<\/div>\n\t\t\t\t<div class=\"elementor-column elementor-col-16 elementor-top-column elementor-element elementor-element-baef763\" data-id=\"baef763\" data-element_type=\"column\" data-e-type=\"column\">\n\t\t\t<div class=\"elementor-widget-wrap\">\n\t\t\t\t\t\t\t<\/div>\n\t\t<\/div>\n\t\t\t\t\t<\/div>\n\t\t<\/section>\n\t\t\t\t<section class=\"elementor-section elementor-top-section elementor-element elementor-element-5e6ea2f elementor-section-boxed elementor-section-height-default elementor-section-height-default\" data-id=\"5e6ea2f\" data-element_type=\"section\" data-e-type=\"section\">\n\t\t\t\t\t\t<div class=\"elementor-container elementor-column-gap-default\">\n\t\t\t\t\t<div class=\"elementor-column elementor-col-16 elementor-top-column elementor-element elementor-element-d620f14\" data-id=\"d620f14\" data-element_type=\"column\" data-e-type=\"column\">\n\t\t\t<div class=\"elementor-widget-wrap\">\n\t\t\t\t\t\t\t<\/div>\n\t\t<\/div>\n\t\t\t\t<div class=\"elementor-column elementor-col-66 elementor-top-column elementor-element elementor-element-1777541\" data-id=\"1777541\" data-element_type=\"column\" data-e-type=\"column\">\n\t\t\t<div class=\"elementor-widget-wrap elementor-element-populated\">\n\t\t\t\t\t\t<div class=\"elementor-element elementor-element-48b02ea elementor-widget elementor-widget-shortcode\" data-id=\"48b02ea\" data-element_type=\"widget\" data-e-type=\"widget\" data-widget_type=\"shortcode.default\">\n\t\t\t\t<div class=\"elementor-widget-container\">\n\t\t\t\t\t\t\t<div class=\"elementor-shortcode\"><script>(function() {\n\twindow.mc4wp = window.mc4wp || {\n\t\tlisteners: [],\n\t\tforms: {\n\t\t\ton: function(evt, cb) {\n\t\t\t\twindow.mc4wp.listeners.push(\n\t\t\t\t\t{\n\t\t\t\t\t\tevent   : evt,\n\t\t\t\t\t\tcallback: cb\n\t\t\t\t\t}\n\t\t\t\t);\n\t\t\t}\n\t\t}\n\t}\n})();\n<\/script><!-- Mailchimp for WordPress v4.12.5 - https:\/\/wordpress.org\/plugins\/mailchimp-for-wp\/ --><form id=\"mc4wp-form-1\" class=\"mc4wp-form mc4wp-form-2723\" method=\"post\" data-id=\"2723\" data-name=\"\" ><div class=\"mc4wp-form-fields\"><p>\r\n\t<label>Adresse de courrier \u00e9lectronique: \r\n\t\t<input type=\"email\" name=\"EMAIL\" placeholder=\"Votre adresse de courrier \u00e9lectronique\" required \/>\r\n<\/label>\r\n<\/p>\r\n\r\n<p>\r\n\t<input type=\"submit\" value=\"Abonnez-vous\" \/>\r\n<\/p><\/div><label style=\"display: none !important;\">Laissez ce champ vide si vous \u00eates humain\u00a0: <input type=\"text\" name=\"_mc4wp_honeypot\" value=\"\" tabindex=\"-1\" autocomplete=\"off\" \/><\/label><input type=\"hidden\" name=\"_mc4wp_timestamp\" value=\"1778792824\" \/><input type=\"hidden\" name=\"_mc4wp_form_id\" value=\"2723\" \/><input type=\"hidden\" name=\"_mc4wp_form_element_id\" value=\"mc4wp-form-1\" \/><div class=\"mc4wp-response\"><\/div><\/form><!-- \/ Mailchimp for WordPress Plugin --><\/div>\n\t\t\t\t\t\t<\/div>\n\t\t\t\t<\/div>\n\t\t\t\t\t<\/div>\n\t\t<\/div>\n\t\t\t\t<div class=\"elementor-column elementor-col-16 elementor-top-column elementor-element elementor-element-a32296a\" data-id=\"a32296a\" data-element_type=\"column\" data-e-type=\"column\">\n\t\t\t<div class=\"elementor-widget-wrap\">\n\t\t\t\t\t\t\t<\/div>\n\t\t<\/div>\n\t\t\t\t\t<\/div>\n\t\t<\/section>\n\t\t\t\t<\/div>\n\t\t","protected":false},"excerpt":{"rendered":"<p>Vous souhaitez suivre l&rsquo;actualit\u00e9 des \u00e9ditions Barom\u00e8tre, les nouvelles parutions, les \u00e9v\u00e9nements&#8230; Vous serez tenu r\u00e9guli\u00e8rement inform\u00e9 en vous inscrivant \u00e0 la newsletter. \u00a0<\/p>\n","protected":false},"author":2,"featured_media":0,"parent":0,"menu_order":0,"comment_status":"closed","ping_status":"closed","template":"","meta":{"footnotes":""},"class_list":["post-1752","page","type-page","status-publish","hentry"],"yoast_head":"<!-- This site is optimized with the Yoast SEO plugin v27.6 - https:\/\/yoast.com\/product\/yoast-seo-wordpress\/ -->\n<title>Inscription \u00e0 la newsletter - Editions Barom\u00e8tre<\/title>\n<meta name=\"robots\" content=\"index, follow, max-snippet:-1, max-image-preview:large, max-video-preview:-1\" \/>\n<link rel=\"canonical\" href=\"https:\/\/editionsbarometre.fr\/index.php\/inscription-a-la-newsletter\/\" \/>\n<meta property=\"og:locale\" content=\"fr_FR\" \/>\n<meta property=\"og:type\" content=\"article\" \/>\n<meta property=\"og:title\" content=\"Inscription \u00e0 la newsletter - Editions Barom\u00e8tre\" \/>\n<meta property=\"og:description\" content=\"Vous souhaitez suivre l&rsquo;actualit\u00e9 des \u00e9ditions Barom\u00e8tre, les nouvelles parutions, les \u00e9v\u00e9nements&#8230; Vous serez tenu r\u00e9guli\u00e8rement inform\u00e9 en vous inscrivant \u00e0 la newsletter. \u00a0\" \/>\n<meta property=\"og:url\" content=\"https:\/\/editionsbarometre.fr\/index.php\/inscription-a-la-newsletter\/\" \/>\n<meta property=\"og:site_name\" content=\"Editions Barom\u00e8tre\" \/>\n<meta property=\"article:modified_time\" content=\"2022-08-09T11:15:38+00:00\" \/>\n<meta name=\"twitter:card\" content=\"summary_large_image\" \/>\n<meta name=\"twitter:label1\" content=\"Dur\u00e9e de lecture estim\u00e9e\" \/>\n\t<meta name=\"twitter:data1\" content=\"1 minute\" \/>\n<script type=\"application\/ld+json\" class=\"yoast-schema-graph\">{\"@context\":\"https:\\\/\\\/schema.org\",\"@graph\":[{\"@type\":\"WebPage\",\"@id\":\"https:\\\/\\\/editionsbarometre.fr\\\/index.php\\\/inscription-a-la-newsletter\\\/\",\"url\":\"https:\\\/\\\/editionsbarometre.fr\\\/index.php\\\/inscription-a-la-newsletter\\\/\",\"name\":\"Inscription \u00e0 la newsletter - Editions Barom\u00e8tre\",\"isPartOf\":{\"@id\":\"https:\\\/\\\/editionsbarometre.fr\\\/#website\"},\"datePublished\":\"2022-03-14T14:57:39+00:00\",\"dateModified\":\"2022-08-09T11:15:38+00:00\",\"breadcrumb\":{\"@id\":\"https:\\\/\\\/editionsbarometre.fr\\\/index.php\\\/inscription-a-la-newsletter\\\/#breadcrumb\"},\"inLanguage\":\"fr-FR\",\"potentialAction\":[{\"@type\":\"ReadAction\",\"target\":[\"https:\\\/\\\/editionsbarometre.fr\\\/index.php\\\/inscription-a-la-newsletter\\\/\"]}]},{\"@type\":\"BreadcrumbList\",\"@id\":\"https:\\\/\\\/editionsbarometre.fr\\\/index.php\\\/inscription-a-la-newsletter\\\/#breadcrumb\",\"itemListElement\":[{\"@type\":\"ListItem\",\"position\":1,\"name\":\"Accueil\",\"item\":\"https:\\\/\\\/editionsbarometre.fr\\\/\"},{\"@type\":\"ListItem\",\"position\":2,\"name\":\"Inscription \u00e0 la newsletter\"}]},{\"@type\":\"WebSite\",\"@id\":\"https:\\\/\\\/editionsbarometre.fr\\\/#website\",\"url\":\"https:\\\/\\\/editionsbarometre.fr\\\/\",\"name\":\"Editions Barom\u00e8tre\",\"description\":\"\",\"publisher\":{\"@id\":\"https:\\\/\\\/editionsbarometre.fr\\\/#organization\"},\"potentialAction\":[{\"@type\":\"SearchAction\",\"target\":{\"@type\":\"EntryPoint\",\"urlTemplate\":\"https:\\\/\\\/editionsbarometre.fr\\\/?s={search_term_string}\"},\"query-input\":{\"@type\":\"PropertyValueSpecification\",\"valueRequired\":true,\"valueName\":\"search_term_string\"}}],\"inLanguage\":\"fr-FR\"},{\"@type\":\"Organization\",\"@id\":\"https:\\\/\\\/editionsbarometre.fr\\\/#organization\",\"name\":\"Editions Barom\u00e8tre\",\"url\":\"https:\\\/\\\/editionsbarometre.fr\\\/\",\"logo\":{\"@type\":\"ImageObject\",\"inLanguage\":\"fr-FR\",\"@id\":\"https:\\\/\\\/editionsbarometre.fr\\\/#\\\/schema\\\/logo\\\/image\\\/\",\"url\":\"https:\\\/\\\/editionsbarometre.fr\\\/wp-content\\\/uploads\\\/2022\\\/03\\\/barometre-new-02.png\",\"contentUrl\":\"https:\\\/\\\/editionsbarometre.fr\\\/wp-content\\\/uploads\\\/2022\\\/03\\\/barometre-new-02.png\",\"width\":4167,\"height\":4167,\"caption\":\"Editions Barom\u00e8tre\"},\"image\":{\"@id\":\"https:\\\/\\\/editionsbarometre.fr\\\/#\\\/schema\\\/logo\\\/image\\\/\"}}]}<\/script>\n<!-- \/ Yoast SEO plugin. -->","yoast_head_json":{"title":"Inscription \u00e0 la newsletter - Editions Barom\u00e8tre","robots":{"index":"index","follow":"follow","max-snippet":"max-snippet:-1","max-image-preview":"max-image-preview:large","max-video-preview":"max-video-preview:-1"},"canonical":"https:\/\/editionsbarometre.fr\/index.php\/inscription-a-la-newsletter\/","og_locale":"fr_FR","og_type":"article","og_title":"Inscription \u00e0 la newsletter - Editions Barom\u00e8tre","og_description":"Vous souhaitez suivre l&rsquo;actualit\u00e9 des \u00e9ditions Barom\u00e8tre, les nouvelles parutions, les \u00e9v\u00e9nements&#8230; Vous serez tenu r\u00e9guli\u00e8rement inform\u00e9 en vous inscrivant \u00e0 la newsletter. \u00a0","og_url":"https:\/\/editionsbarometre.fr\/index.php\/inscription-a-la-newsletter\/","og_site_name":"Editions Barom\u00e8tre","article_modified_time":"2022-08-09T11:15:38+00:00","twitter_card":"summary_large_image","twitter_misc":{"Dur\u00e9e de lecture estim\u00e9e":"1 minute"},"schema":{"@context":"https:\/\/schema.org","@graph":[{"@type":"WebPage","@id":"https:\/\/editionsbarometre.fr\/index.php\/inscription-a-la-newsletter\/","url":"https:\/\/editionsbarometre.fr\/index.php\/inscription-a-la-newsletter\/","name":"Inscription \u00e0 la newsletter - Editions Barom\u00e8tre","isPartOf":{"@id":"https:\/\/editionsbarometre.fr\/#website"},"datePublished":"2022-03-14T14:57:39+00:00","dateModified":"2022-08-09T11:15:38+00:00","breadcrumb":{"@id":"https:\/\/editionsbarometre.fr\/index.php\/inscription-a-la-newsletter\/#breadcrumb"},"inLanguage":"fr-FR","potentialAction":[{"@type":"ReadAction","target":["https:\/\/editionsbarometre.fr\/index.php\/inscription-a-la-newsletter\/"]}]},{"@type":"BreadcrumbList","@id":"https:\/\/editionsbarometre.fr\/index.php\/inscription-a-la-newsletter\/#breadcrumb","itemListElement":[{"@type":"ListItem","position":1,"name":"Accueil","item":"https:\/\/editionsbarometre.fr\/"},{"@type":"ListItem","position":2,"name":"Inscription \u00e0 la newsletter"}]},{"@type":"WebSite","@id":"https:\/\/editionsbarometre.fr\/#website","url":"https:\/\/editionsbarometre.fr\/","name":"Editions Barom\u00e8tre","description":"","publisher":{"@id":"https:\/\/editionsbarometre.fr\/#organization"},"potentialAction":[{"@type":"SearchAction","target":{"@type":"EntryPoint","urlTemplate":"https:\/\/editionsbarometre.fr\/?s={search_term_string}"},"query-input":{"@type":"PropertyValueSpecification","valueRequired":true,"valueName":"search_term_string"}}],"inLanguage":"fr-FR"},{"@type":"Organization","@id":"https:\/\/editionsbarometre.fr\/#organization","name":"Editions Barom\u00e8tre","url":"https:\/\/editionsbarometre.fr\/","logo":{"@type":"ImageObject","inLanguage":"fr-FR","@id":"https:\/\/editionsbarometre.fr\/#\/schema\/logo\/image\/","url":"https:\/\/editionsbarometre.fr\/wp-content\/uploads\/2022\/03\/barometre-new-02.png","contentUrl":"https:\/\/editionsbarometre.fr\/wp-content\/uploads\/2022\/03\/barometre-new-02.png","width":4167,"height":4167,"caption":"Editions Barom\u00e8tre"},"image":{"@id":"https:\/\/editionsbarometre.fr\/#\/schema\/logo\/image\/"}}]}},"jetpack_sharing_enabled":true,"_links":{"self":[{"href":"https:\/\/editionsbarometre.fr\/index.php\/wp-json\/wp\/v2\/pages\/1752","targetHints":{"allow":["GET"]}}],"collection":[{"href":"https:\/\/editionsbarometre.fr\/index.php\/wp-json\/wp\/v2\/pages"}],"about":[{"href":"https:\/\/editionsbarometre.fr\/index.php\/wp-json\/wp\/v2\/types\/page"}],"author":[{"embeddable":true,"href":"https:\/\/editionsbarometre.fr\/index.php\/wp-json\/wp\/v2\/users\/2"}],"replies":[{"embeddable":true,"href":"https:\/\/editionsbarometre.fr\/index.php\/wp-json\/wp\/v2\/comments?post=1752"}],"version-history":[{"count":3,"href":"https:\/\/editionsbarometre.fr\/index.php\/wp-json\/wp\/v2\/pages\/1752\/revisions"}],"predecessor-version":[{"id":2727,"href":"https:\/\/editionsbarometre.fr\/index.php\/wp-json\/wp\/v2\/pages\/1752\/revisions\/2727"}],"wp:attachment":[{"href":"https:\/\/editionsbarometre.fr\/index.php\/wp-json\/wp\/v2\/media?parent=1752"}],"curies":[{"name":"wp","href":"https:\/\/api.w.org\/{rel}","templated":true}]}}