{"id":19,"date":"2022-02-15T10:39:28","date_gmt":"2022-02-15T10:39:28","guid":{"rendered":"https:\/\/editionsbarometre.com\/?page_id=19"},"modified":"2025-04-24T10:29:22","modified_gmt":"2025-04-24T08:29:22","slug":"la-maison-dedition","status":"publish","type":"page","link":"https:\/\/editionsbarometre.fr\/index.php\/la-maison-dedition\/","title":{"rendered":"La maison d&rsquo;\u00e9dition"},"content":{"rendered":"\t\t<div data-elementor-type=\"wp-page\" data-elementor-id=\"19\" class=\"elementor elementor-19\" data-elementor-post-type=\"page\">\n\t\t\t\t\t\t<section class=\"elementor-section elementor-top-section elementor-element elementor-element-02c9be7 elementor-section-boxed elementor-section-height-default elementor-section-height-default\" data-id=\"02c9be7\" data-element_type=\"section\" data-e-type=\"section\">\n\t\t\t\t\t\t<div class=\"elementor-container elementor-column-gap-default\">\n\t\t\t\t\t<div class=\"elementor-column elementor-col-100 elementor-top-column elementor-element elementor-element-fd8fb40\" data-id=\"fd8fb40\" data-element_type=\"column\" data-e-type=\"column\">\n\t\t\t<div class=\"elementor-widget-wrap elementor-element-populated\">\n\t\t\t\t\t\t<div class=\"elementor-element elementor-element-efcedd4 elementor-widget elementor-widget-spacer\" data-id=\"efcedd4\" data-element_type=\"widget\" data-e-type=\"widget\" data-widget_type=\"spacer.default\">\n\t\t\t\t<div class=\"elementor-widget-container\">\n\t\t\t\t\t\t\t<div class=\"elementor-spacer\">\n\t\t\t<div class=\"elementor-spacer-inner\"><\/div>\n\t\t<\/div>\n\t\t\t\t\t\t<\/div>\n\t\t\t\t<\/div>\n\t\t\t\t\t<\/div>\n\t\t<\/div>\n\t\t\t\t\t<\/div>\n\t\t<\/section>\n\t\t\t\t<section class=\"elementor-section elementor-top-section elementor-element elementor-element-4fe41f3 elementor-section-boxed elementor-section-height-default elementor-section-height-default\" data-id=\"4fe41f3\" data-element_type=\"section\" data-e-type=\"section\">\n\t\t\t\t\t\t<div class=\"elementor-container elementor-column-gap-default\">\n\t\t\t\t\t<div class=\"elementor-column elementor-col-16 elementor-top-column elementor-element elementor-element-a9108a5\" data-id=\"a9108a5\" data-element_type=\"column\" data-e-type=\"column\">\n\t\t\t<div class=\"elementor-widget-wrap\">\n\t\t\t\t\t\t\t<\/div>\n\t\t<\/div>\n\t\t\t\t<div class=\"elementor-column elementor-col-66 elementor-top-column elementor-element elementor-element-00a6d3c\" data-id=\"00a6d3c\" data-element_type=\"column\" data-e-type=\"column\">\n\t\t\t<div class=\"elementor-widget-wrap elementor-element-populated\">\n\t\t\t\t\t\t<div class=\"elementor-element elementor-element-0041d18 elementor-widget elementor-widget-heading\" data-id=\"0041d18\" data-element_type=\"widget\" data-e-type=\"widget\" data-widget_type=\"heading.default\">\n\t\t\t\t<div class=\"elementor-widget-container\">\n\t\t\t\t\t<h2 class=\"elementor-heading-title elementor-size-default\">la ligne \u00e9ditoriale de Barom\u00e8tre<\/h2>\t\t\t\t<\/div>\n\t\t\t\t<\/div>\n\t\t\t\t\t<\/div>\n\t\t<\/div>\n\t\t\t\t<div class=\"elementor-column elementor-col-16 elementor-top-column elementor-element elementor-element-a50fcfc\" data-id=\"a50fcfc\" data-element_type=\"column\" data-e-type=\"column\">\n\t\t\t<div class=\"elementor-widget-wrap\">\n\t\t\t\t\t\t\t<\/div>\n\t\t<\/div>\n\t\t\t\t\t<\/div>\n\t\t<\/section>\n\t\t\t\t<section class=\"elementor-section elementor-top-section elementor-element elementor-element-2ed7f73 elementor-section-boxed elementor-section-height-default elementor-section-height-default\" data-id=\"2ed7f73\" data-element_type=\"section\" data-e-type=\"section\">\n\t\t\t\t\t\t<div class=\"elementor-container elementor-column-gap-default\">\n\t\t\t\t\t<div class=\"elementor-column elementor-col-16 elementor-top-column elementor-element elementor-element-b98ed5f\" data-id=\"b98ed5f\" data-element_type=\"column\" data-e-type=\"column\">\n\t\t\t<div class=\"elementor-widget-wrap\">\n\t\t\t\t\t\t\t<\/div>\n\t\t<\/div>\n\t\t\t\t<div class=\"elementor-column elementor-col-66 elementor-top-column elementor-element elementor-element-aa4bb60\" data-id=\"aa4bb60\" data-element_type=\"column\" data-e-type=\"column\">\n\t\t\t<div class=\"elementor-widget-wrap elementor-element-populated\">\n\t\t\t\t\t\t<div class=\"elementor-element elementor-element-aaf779f elementor-widget elementor-widget-text-editor\" data-id=\"aaf779f\" data-element_type=\"widget\" data-e-type=\"widget\" data-widget_type=\"text-editor.default\">\n\t\t\t\t<div class=\"elementor-widget-container\">\n\t\t\t\t\t\t\t\t\t<p><span style=\"font-size: large;\">Maison d\u2019\u00e9dition cr\u00e9\u00e9e sous forme d\u2019association, Barom\u00e8tre construit son identit\u00e9 \u00e9ditoriale sur deux piliers : <strong>des enqu\u00eates de fonds et la fiction litt\u00e9raire<\/strong>.<\/span><\/p>\t\t\t\t\t\t\t\t<\/div>\n\t\t\t\t<\/div>\n\t\t\t\t\t<\/div>\n\t\t<\/div>\n\t\t\t\t<div class=\"elementor-column elementor-col-16 elementor-top-column elementor-element elementor-element-54fe445\" data-id=\"54fe445\" data-element_type=\"column\" data-e-type=\"column\">\n\t\t\t<div class=\"elementor-widget-wrap\">\n\t\t\t\t\t\t\t<\/div>\n\t\t<\/div>\n\t\t\t\t\t<\/div>\n\t\t<\/section>\n\t\t\t\t<section class=\"elementor-section elementor-top-section elementor-element elementor-element-79a8d2f elementor-section-boxed elementor-section-height-default elementor-section-height-default\" data-id=\"79a8d2f\" data-element_type=\"section\" data-e-type=\"section\">\n\t\t\t\t\t\t<div class=\"elementor-container elementor-column-gap-default\">\n\t\t\t\t\t<div class=\"elementor-column elementor-col-16 elementor-top-column elementor-element elementor-element-f35af54\" data-id=\"f35af54\" data-element_type=\"column\" data-e-type=\"column\">\n\t\t\t<div class=\"elementor-widget-wrap\">\n\t\t\t\t\t\t\t<\/div>\n\t\t<\/div>\n\t\t\t\t<div class=\"elementor-column elementor-col-66 elementor-top-column elementor-element elementor-element-612e098\" data-id=\"612e098\" data-element_type=\"column\" data-e-type=\"column\">\n\t\t\t<div class=\"elementor-widget-wrap elementor-element-populated\">\n\t\t\t\t\t\t<div class=\"elementor-element elementor-element-d89ec55 elementor-widget elementor-widget-heading\" data-id=\"d89ec55\" data-element_type=\"widget\" data-e-type=\"widget\" data-widget_type=\"heading.default\">\n\t\t\t\t<div class=\"elementor-widget-container\">\n\t\t\t\t\t<h2 class=\"elementor-heading-title elementor-size-default\">Des essais, indicateurs du climat social et environnemental<\/h2>\t\t\t\t<\/div>\n\t\t\t\t<\/div>\n\t\t\t\t\t<\/div>\n\t\t<\/div>\n\t\t\t\t<div class=\"elementor-column elementor-col-16 elementor-top-column elementor-element elementor-element-2192b8a\" data-id=\"2192b8a\" data-element_type=\"column\" data-e-type=\"column\">\n\t\t\t<div class=\"elementor-widget-wrap\">\n\t\t\t\t\t\t\t<\/div>\n\t\t<\/div>\n\t\t\t\t\t<\/div>\n\t\t<\/section>\n\t\t\t\t<section class=\"elementor-section elementor-top-section elementor-element elementor-element-9b512db elementor-section-boxed elementor-section-height-default elementor-section-height-default\" data-id=\"9b512db\" data-element_type=\"section\" data-e-type=\"section\">\n\t\t\t\t\t\t<div class=\"elementor-container elementor-column-gap-default\">\n\t\t\t\t\t<div class=\"elementor-column elementor-col-16 elementor-top-column elementor-element elementor-element-9cc2226\" data-id=\"9cc2226\" data-element_type=\"column\" data-e-type=\"column\">\n\t\t\t<div class=\"elementor-widget-wrap\">\n\t\t\t\t\t\t\t<\/div>\n\t\t<\/div>\n\t\t\t\t<div class=\"elementor-column elementor-col-66 elementor-top-column elementor-element elementor-element-d72b9fa\" data-id=\"d72b9fa\" data-element_type=\"column\" data-e-type=\"column\">\n\t\t\t<div class=\"elementor-widget-wrap elementor-element-populated\">\n\t\t\t\t\t\t<div class=\"elementor-element elementor-element-ac46962 elementor-widget elementor-widget-text-editor\" data-id=\"ac46962\" data-element_type=\"widget\" data-e-type=\"widget\" data-widget_type=\"text-editor.default\">\n\t\t\t\t<div class=\"elementor-widget-container\">\n\t\t\t\t\t\t\t\t\t<p style=\"text-align: justify;\">En publiant des enqu\u00eates de fonds, les \u00e9ditions Barom\u00e8tre souhaitent <strong>\u00e9clairer les cogitations individuelles et collectives<\/strong> sur les causes de la pr\u00e9carit\u00e9 sociale, les d\u00e9g\u00e2ts environnementaux, les restrictions aux libert\u00e9s et\/ou toute autre injustice qui met en p\u00e9ril la soci\u00e9t\u00e9 et la biodiversit\u00e9.<\/p><p style=\"text-align: justify;\">Dans ce domaine, les sujets ne manquent pas. Il faudrait plusieurs vies pour les explorer. Barom\u00e8tre apporte sa pierre \u00e0 l\u2019\u00e9difice avec <strong>des th\u00e8mes trop peu abord\u00e9s ou mis de c\u00f4t\u00e9<\/strong>. Des ouvrages aux angles cognants et stimulants pour attiser les r\u00e9flexions sur <strong>les comportements de notre soci\u00e9t\u00e9<\/strong>, en ce d\u00e9but du XXI<sup>e<\/sup>\u00a0si\u00e8cle.<\/p>\t\t\t\t\t\t\t\t<\/div>\n\t\t\t\t<\/div>\n\t\t\t\t\t<\/div>\n\t\t<\/div>\n\t\t\t\t<div class=\"elementor-column elementor-col-16 elementor-top-column elementor-element elementor-element-f630e77\" data-id=\"f630e77\" data-element_type=\"column\" data-e-type=\"column\">\n\t\t\t<div class=\"elementor-widget-wrap\">\n\t\t\t\t\t\t\t<\/div>\n\t\t<\/div>\n\t\t\t\t\t<\/div>\n\t\t<\/section>\n\t\t\t\t<section class=\"elementor-section elementor-top-section elementor-element elementor-element-b78161a elementor-section-boxed elementor-section-height-default elementor-section-height-default\" data-id=\"b78161a\" data-element_type=\"section\" data-e-type=\"section\">\n\t\t\t\t\t\t<div class=\"elementor-container elementor-column-gap-default\">\n\t\t\t\t\t<div class=\"elementor-column elementor-col-16 elementor-top-column elementor-element elementor-element-876d7e7\" data-id=\"876d7e7\" data-element_type=\"column\" data-e-type=\"column\">\n\t\t\t<div class=\"elementor-widget-wrap\">\n\t\t\t\t\t\t\t<\/div>\n\t\t<\/div>\n\t\t\t\t<div class=\"elementor-column elementor-col-66 elementor-top-column elementor-element elementor-element-3fd98db\" data-id=\"3fd98db\" data-element_type=\"column\" data-e-type=\"column\">\n\t\t\t<div class=\"elementor-widget-wrap elementor-element-populated\">\n\t\t\t\t\t\t<div class=\"elementor-element elementor-element-74c2f50 elementor-widget elementor-widget-heading\" data-id=\"74c2f50\" data-element_type=\"widget\" data-e-type=\"widget\" data-widget_type=\"heading.default\">\n\t\t\t\t<div class=\"elementor-widget-container\">\n\t\t\t\t\t<h2 class=\"elementor-heading-title elementor-size-default\">Des fictions ax\u00e9es sur la d\u00e9couverte de livres m\u00e9connus<\/h2>\t\t\t\t<\/div>\n\t\t\t\t<\/div>\n\t\t\t\t\t<\/div>\n\t\t<\/div>\n\t\t\t\t<div class=\"elementor-column elementor-col-16 elementor-top-column elementor-element elementor-element-62678c5\" data-id=\"62678c5\" data-element_type=\"column\" data-e-type=\"column\">\n\t\t\t<div class=\"elementor-widget-wrap\">\n\t\t\t\t\t\t\t<\/div>\n\t\t<\/div>\n\t\t\t\t\t<\/div>\n\t\t<\/section>\n\t\t\t\t<section class=\"elementor-section elementor-top-section elementor-element elementor-element-ac16e61 elementor-section-boxed elementor-section-height-default elementor-section-height-default\" data-id=\"ac16e61\" data-element_type=\"section\" data-e-type=\"section\">\n\t\t\t\t\t\t<div class=\"elementor-container elementor-column-gap-default\">\n\t\t\t\t\t<div class=\"elementor-column elementor-col-16 elementor-top-column elementor-element elementor-element-69de5d6\" data-id=\"69de5d6\" data-element_type=\"column\" data-e-type=\"column\">\n\t\t\t<div class=\"elementor-widget-wrap\">\n\t\t\t\t\t\t\t<\/div>\n\t\t<\/div>\n\t\t\t\t<div class=\"elementor-column elementor-col-66 elementor-top-column elementor-element elementor-element-c4cf76e\" data-id=\"c4cf76e\" data-element_type=\"column\" data-e-type=\"column\">\n\t\t\t<div class=\"elementor-widget-wrap elementor-element-populated\">\n\t\t\t\t\t\t<div class=\"elementor-element elementor-element-1b67f55 elementor-widget elementor-widget-text-editor\" data-id=\"1b67f55\" data-element_type=\"widget\" data-e-type=\"widget\" data-widget_type=\"text-editor.default\">\n\t\t\t\t<div class=\"elementor-widget-container\">\n\t\t\t\t\t\t\t\t\t<p>Dans le domaine de la litt\u00e9rature, les \u00e9ditions Barom\u00e8tre privil\u00e9gient<strong> la d\u00e9couverte de nouveaux auteurs<\/strong>, parfois d\u00e9j\u00e0 publi\u00e9s \u00e0 l\u2019\u00e9tranger. Des textes prompts \u00e0 r\u00e9v\u00e9ler, derri\u00e8re la banalit\u00e9 du quotidien, des r\u00e9alit\u00e9s extra ordinaires, racont\u00e9es avec lucidit\u00e9 et ironie.<\/p><p>Fid\u00e8le \u00e0 son inclination, Barom\u00e8tre se tourne vers <strong>le roman social,<\/strong> genre litt\u00e9raire qui scrute avec profondeur les rapports humains et met en lumi\u00e8re les injustices.<\/p>\t\t\t\t\t\t\t\t<\/div>\n\t\t\t\t<\/div>\n\t\t\t\t\t<\/div>\n\t\t<\/div>\n\t\t\t\t<div class=\"elementor-column elementor-col-16 elementor-top-column elementor-element elementor-element-23fd909\" data-id=\"23fd909\" data-element_type=\"column\" data-e-type=\"column\">\n\t\t\t<div class=\"elementor-widget-wrap\">\n\t\t\t\t\t\t\t<\/div>\n\t\t<\/div>\n\t\t\t\t\t<\/div>\n\t\t<\/section>\n\t\t\t\t<section class=\"elementor-section elementor-top-section elementor-element elementor-element-aafbc39 elementor-section-boxed elementor-section-height-default elementor-section-height-default\" data-id=\"aafbc39\" data-element_type=\"section\" data-e-type=\"section\">\n\t\t\t\t\t\t<div class=\"elementor-container elementor-column-gap-default\">\n\t\t\t\t\t<div class=\"elementor-column elementor-col-16 elementor-top-column elementor-element elementor-element-baa7dc9\" data-id=\"baa7dc9\" data-element_type=\"column\" data-e-type=\"column\">\n\t\t\t<div class=\"elementor-widget-wrap\">\n\t\t\t\t\t\t\t<\/div>\n\t\t<\/div>\n\t\t\t\t<div class=\"elementor-column elementor-col-66 elementor-top-column elementor-element elementor-element-349c626\" data-id=\"349c626\" data-element_type=\"column\" data-e-type=\"column\">\n\t\t\t<div class=\"elementor-widget-wrap elementor-element-populated\">\n\t\t\t\t\t\t<div class=\"elementor-element elementor-element-f9d1ff4 elementor-widget elementor-widget-heading\" data-id=\"f9d1ff4\" data-element_type=\"widget\" data-e-type=\"widget\" data-widget_type=\"heading.default\">\n\t\t\t\t<div class=\"elementor-widget-container\">\n\t\t\t\t\t<h2 class=\"elementor-heading-title elementor-size-default\">Une maison d'\u00e9dition sous forme associative<\/h2>\t\t\t\t<\/div>\n\t\t\t\t<\/div>\n\t\t\t\t\t<\/div>\n\t\t<\/div>\n\t\t\t\t<div class=\"elementor-column elementor-col-16 elementor-top-column elementor-element elementor-element-577ba96\" data-id=\"577ba96\" data-element_type=\"column\" data-e-type=\"column\">\n\t\t\t<div class=\"elementor-widget-wrap\">\n\t\t\t\t\t\t\t<\/div>\n\t\t<\/div>\n\t\t\t\t\t<\/div>\n\t\t<\/section>\n\t\t\t\t<section class=\"elementor-section elementor-top-section elementor-element elementor-element-40340bf elementor-section-boxed elementor-section-height-default elementor-section-height-default\" data-id=\"40340bf\" data-element_type=\"section\" data-e-type=\"section\">\n\t\t\t\t\t\t<div class=\"elementor-container elementor-column-gap-default\">\n\t\t\t\t\t<div class=\"elementor-column elementor-col-16 elementor-top-column elementor-element elementor-element-f900a85\" data-id=\"f900a85\" data-element_type=\"column\" data-e-type=\"column\">\n\t\t\t<div class=\"elementor-widget-wrap\">\n\t\t\t\t\t\t\t<\/div>\n\t\t<\/div>\n\t\t\t\t<div class=\"elementor-column elementor-col-66 elementor-top-column elementor-element elementor-element-ed25431\" data-id=\"ed25431\" data-element_type=\"column\" data-e-type=\"column\">\n\t\t\t<div class=\"elementor-widget-wrap elementor-element-populated\">\n\t\t\t\t\t\t<div class=\"elementor-element elementor-element-d68a2eb elementor-widget elementor-widget-text-editor\" data-id=\"d68a2eb\" data-element_type=\"widget\" data-e-type=\"widget\" data-widget_type=\"text-editor.default\">\n\t\t\t\t<div class=\"elementor-widget-container\">\n\t\t\t\t\t\t\t\t\t<p>Nous sommes trois \u00e9diteurs \u00e0 l\u2019initiative de la cr\u00e9ation, fin\u00a02018, des \u00e9ditions Barom\u00e8tre : Vahagn, Hubert et Rapha\u00ebl. Nous partageons des valeurs politiques et sociales communes : le d\u00e9sir de <strong>vivre dans une soci\u00e9t\u00e9 solidaire, juste, libre et respectueuse des \u00e9cosyst\u00e8mes et de la biodiversit\u00e9, d\u00e9barrass\u00e9e du \u00ab chacun pour soi\u00a0\u00bb<\/strong> v\u00e9hicul\u00e9 par le syst\u00e8me capitaliste actuel.<\/p><p>Donner ce statut \u00e0 la maison d\u2019\u00e9dition, c\u2019est reconna\u00eetre la collaboration mutuelle entre ses trois fondateurs. Cette structure est fi\u00e8rement ind\u00e9pendante et a une motivation principale : <strong>produire les livres comme vecteurs d\u2019id\u00e9es<\/strong>, comme outils d\u2019appr\u00e9hension du monde int\u00e9rieur et ext\u00e9rieur.<\/p>\t\t\t\t\t\t\t\t<\/div>\n\t\t\t\t<\/div>\n\t\t\t\t\t<\/div>\n\t\t<\/div>\n\t\t\t\t<div class=\"elementor-column elementor-col-16 elementor-top-column elementor-element elementor-element-df45c87\" data-id=\"df45c87\" data-element_type=\"column\" data-e-type=\"column\">\n\t\t\t<div class=\"elementor-widget-wrap\">\n\t\t\t\t\t\t\t<\/div>\n\t\t<\/div>\n\t\t\t\t\t<\/div>\n\t\t<\/section>\n\t\t\t\t<section class=\"elementor-section elementor-top-section elementor-element elementor-element-35991d1 elementor-section-boxed elementor-section-height-default elementor-section-height-default\" data-id=\"35991d1\" data-element_type=\"section\" data-e-type=\"section\">\n\t\t\t\t\t\t<div class=\"elementor-container elementor-column-gap-default\">\n\t\t\t\t\t<div class=\"elementor-column elementor-col-100 elementor-top-column elementor-element elementor-element-88f77ef\" data-id=\"88f77ef\" data-element_type=\"column\" data-e-type=\"column\">\n\t\t\t<div class=\"elementor-widget-wrap elementor-element-populated\">\n\t\t\t\t\t\t<div class=\"elementor-element elementor-element-dccbe1d elementor-widget elementor-widget-spacer\" data-id=\"dccbe1d\" data-element_type=\"widget\" data-e-type=\"widget\" data-widget_type=\"spacer.default\">\n\t\t\t\t<div class=\"elementor-widget-container\">\n\t\t\t\t\t\t\t<div class=\"elementor-spacer\">\n\t\t\t<div class=\"elementor-spacer-inner\"><\/div>\n\t\t<\/div>\n\t\t\t\t\t\t<\/div>\n\t\t\t\t<\/div>\n\t\t\t\t\t<\/div>\n\t\t<\/div>\n\t\t\t\t\t<\/div>\n\t\t<\/section>\n\t\t\t\t<\/div>\n\t\t","protected":false},"excerpt":{"rendered":"<p>la ligne \u00e9ditoriale de Barom\u00e8tre Maison d\u2019\u00e9dition cr\u00e9\u00e9e sous forme d\u2019association, Barom\u00e8tre construit son identit\u00e9 \u00e9ditoriale sur deux piliers : des enqu\u00eates de fonds et la fiction litt\u00e9raire. Des essais, indicateurs du climat social et environnemental En publiant des enqu\u00eates de fonds, les \u00e9ditions Barom\u00e8tre souhaitent \u00e9clairer les cogitations individuelles et collectives sur les causes [&hellip;]<\/p>\n","protected":false},"author":2,"featured_media":0,"parent":0,"menu_order":0,"comment_status":"closed","ping_status":"closed","template":"elementor_header_footer","meta":{"footnotes":""},"class_list":["post-19","page","type-page","status-publish","hentry"],"yoast_head":"<!-- This site is optimized with the Yoast SEO plugin v27.5 - https:\/\/yoast.com\/product\/yoast-seo-wordpress\/ -->\n<title>La maison d&#039;\u00e9dition - Editions Barom\u00e8tre<\/title>\n<meta name=\"robots\" content=\"index, follow, max-snippet:-1, max-image-preview:large, max-video-preview:-1\" \/>\n<link rel=\"canonical\" href=\"https:\/\/editionsbarometre.fr\/index.php\/la-maison-dedition\/\" \/>\n<meta property=\"og:locale\" content=\"fr_FR\" \/>\n<meta property=\"og:type\" content=\"article\" \/>\n<meta property=\"og:title\" content=\"La maison d&#039;\u00e9dition - Editions Barom\u00e8tre\" \/>\n<meta property=\"og:description\" content=\"la ligne \u00e9ditoriale de Barom\u00e8tre Maison d\u2019\u00e9dition cr\u00e9\u00e9e sous forme d\u2019association, Barom\u00e8tre construit son identit\u00e9 \u00e9ditoriale sur deux piliers : des enqu\u00eates de fonds et la fiction litt\u00e9raire. Des essais, indicateurs du climat social et environnemental En publiant des enqu\u00eates de fonds, les \u00e9ditions Barom\u00e8tre souhaitent \u00e9clairer les cogitations individuelles et collectives sur les causes [&hellip;]\" \/>\n<meta property=\"og:url\" content=\"https:\/\/editionsbarometre.fr\/index.php\/la-maison-dedition\/\" \/>\n<meta property=\"og:site_name\" content=\"Editions Barom\u00e8tre\" \/>\n<meta property=\"article:modified_time\" content=\"2025-04-24T08:29:22+00:00\" \/>\n<meta name=\"twitter:card\" content=\"summary_large_image\" \/>\n<meta name=\"twitter:label1\" content=\"Dur\u00e9e de lecture estim\u00e9e\" \/>\n\t<meta name=\"twitter:data1\" content=\"2 minutes\" \/>\n<script type=\"application\/ld+json\" class=\"yoast-schema-graph\">{\"@context\":\"https:\\\/\\\/schema.org\",\"@graph\":[{\"@type\":\"WebPage\",\"@id\":\"https:\\\/\\\/editionsbarometre.fr\\\/index.php\\\/la-maison-dedition\\\/\",\"url\":\"https:\\\/\\\/editionsbarometre.fr\\\/index.php\\\/la-maison-dedition\\\/\",\"name\":\"La maison d'\u00e9dition - Editions Barom\u00e8tre\",\"isPartOf\":{\"@id\":\"https:\\\/\\\/editionsbarometre.fr\\\/#website\"},\"datePublished\":\"2022-02-15T10:39:28+00:00\",\"dateModified\":\"2025-04-24T08:29:22+00:00\",\"breadcrumb\":{\"@id\":\"https:\\\/\\\/editionsbarometre.fr\\\/index.php\\\/la-maison-dedition\\\/#breadcrumb\"},\"inLanguage\":\"fr-FR\",\"potentialAction\":[{\"@type\":\"ReadAction\",\"target\":[\"https:\\\/\\\/editionsbarometre.fr\\\/index.php\\\/la-maison-dedition\\\/\"]}]},{\"@type\":\"BreadcrumbList\",\"@id\":\"https:\\\/\\\/editionsbarometre.fr\\\/index.php\\\/la-maison-dedition\\\/#breadcrumb\",\"itemListElement\":[{\"@type\":\"ListItem\",\"position\":1,\"name\":\"Accueil\",\"item\":\"https:\\\/\\\/editionsbarometre.fr\\\/\"},{\"@type\":\"ListItem\",\"position\":2,\"name\":\"La maison d&rsquo;\u00e9dition\"}]},{\"@type\":\"WebSite\",\"@id\":\"https:\\\/\\\/editionsbarometre.fr\\\/#website\",\"url\":\"https:\\\/\\\/editionsbarometre.fr\\\/\",\"name\":\"Editions Barom\u00e8tre\",\"description\":\"\",\"publisher\":{\"@id\":\"https:\\\/\\\/editionsbarometre.fr\\\/#organization\"},\"potentialAction\":[{\"@type\":\"SearchAction\",\"target\":{\"@type\":\"EntryPoint\",\"urlTemplate\":\"https:\\\/\\\/editionsbarometre.fr\\\/?s={search_term_string}\"},\"query-input\":{\"@type\":\"PropertyValueSpecification\",\"valueRequired\":true,\"valueName\":\"search_term_string\"}}],\"inLanguage\":\"fr-FR\"},{\"@type\":\"Organization\",\"@id\":\"https:\\\/\\\/editionsbarometre.fr\\\/#organization\",\"name\":\"Editions Barom\u00e8tre\",\"url\":\"https:\\\/\\\/editionsbarometre.fr\\\/\",\"logo\":{\"@type\":\"ImageObject\",\"inLanguage\":\"fr-FR\",\"@id\":\"https:\\\/\\\/editionsbarometre.fr\\\/#\\\/schema\\\/logo\\\/image\\\/\",\"url\":\"https:\\\/\\\/editionsbarometre.fr\\\/wp-content\\\/uploads\\\/2022\\\/03\\\/barometre-new-02.png\",\"contentUrl\":\"https:\\\/\\\/editionsbarometre.fr\\\/wp-content\\\/uploads\\\/2022\\\/03\\\/barometre-new-02.png\",\"width\":4167,\"height\":4167,\"caption\":\"Editions Barom\u00e8tre\"},\"image\":{\"@id\":\"https:\\\/\\\/editionsbarometre.fr\\\/#\\\/schema\\\/logo\\\/image\\\/\"}}]}<\/script>\n<!-- \/ Yoast SEO plugin. -->","yoast_head_json":{"title":"La maison d'\u00e9dition - Editions Barom\u00e8tre","robots":{"index":"index","follow":"follow","max-snippet":"max-snippet:-1","max-image-preview":"max-image-preview:large","max-video-preview":"max-video-preview:-1"},"canonical":"https:\/\/editionsbarometre.fr\/index.php\/la-maison-dedition\/","og_locale":"fr_FR","og_type":"article","og_title":"La maison d'\u00e9dition - Editions Barom\u00e8tre","og_description":"la ligne \u00e9ditoriale de Barom\u00e8tre Maison d\u2019\u00e9dition cr\u00e9\u00e9e sous forme d\u2019association, Barom\u00e8tre construit son identit\u00e9 \u00e9ditoriale sur deux piliers : des enqu\u00eates de fonds et la fiction litt\u00e9raire. Des essais, indicateurs du climat social et environnemental En publiant des enqu\u00eates de fonds, les \u00e9ditions Barom\u00e8tre souhaitent \u00e9clairer les cogitations individuelles et collectives sur les causes [&hellip;]","og_url":"https:\/\/editionsbarometre.fr\/index.php\/la-maison-dedition\/","og_site_name":"Editions Barom\u00e8tre","article_modified_time":"2025-04-24T08:29:22+00:00","twitter_card":"summary_large_image","twitter_misc":{"Dur\u00e9e de lecture estim\u00e9e":"2 minutes"},"schema":{"@context":"https:\/\/schema.org","@graph":[{"@type":"WebPage","@id":"https:\/\/editionsbarometre.fr\/index.php\/la-maison-dedition\/","url":"https:\/\/editionsbarometre.fr\/index.php\/la-maison-dedition\/","name":"La maison d'\u00e9dition - Editions Barom\u00e8tre","isPartOf":{"@id":"https:\/\/editionsbarometre.fr\/#website"},"datePublished":"2022-02-15T10:39:28+00:00","dateModified":"2025-04-24T08:29:22+00:00","breadcrumb":{"@id":"https:\/\/editionsbarometre.fr\/index.php\/la-maison-dedition\/#breadcrumb"},"inLanguage":"fr-FR","potentialAction":[{"@type":"ReadAction","target":["https:\/\/editionsbarometre.fr\/index.php\/la-maison-dedition\/"]}]},{"@type":"BreadcrumbList","@id":"https:\/\/editionsbarometre.fr\/index.php\/la-maison-dedition\/#breadcrumb","itemListElement":[{"@type":"ListItem","position":1,"name":"Accueil","item":"https:\/\/editionsbarometre.fr\/"},{"@type":"ListItem","position":2,"name":"La maison d&rsquo;\u00e9dition"}]},{"@type":"WebSite","@id":"https:\/\/editionsbarometre.fr\/#website","url":"https:\/\/editionsbarometre.fr\/","name":"Editions Barom\u00e8tre","description":"","publisher":{"@id":"https:\/\/editionsbarometre.fr\/#organization"},"potentialAction":[{"@type":"SearchAction","target":{"@type":"EntryPoint","urlTemplate":"https:\/\/editionsbarometre.fr\/?s={search_term_string}"},"query-input":{"@type":"PropertyValueSpecification","valueRequired":true,"valueName":"search_term_string"}}],"inLanguage":"fr-FR"},{"@type":"Organization","@id":"https:\/\/editionsbarometre.fr\/#organization","name":"Editions Barom\u00e8tre","url":"https:\/\/editionsbarometre.fr\/","logo":{"@type":"ImageObject","inLanguage":"fr-FR","@id":"https:\/\/editionsbarometre.fr\/#\/schema\/logo\/image\/","url":"https:\/\/editionsbarometre.fr\/wp-content\/uploads\/2022\/03\/barometre-new-02.png","contentUrl":"https:\/\/editionsbarometre.fr\/wp-content\/uploads\/2022\/03\/barometre-new-02.png","width":4167,"height":4167,"caption":"Editions Barom\u00e8tre"},"image":{"@id":"https:\/\/editionsbarometre.fr\/#\/schema\/logo\/image\/"}}]}},"jetpack_sharing_enabled":true,"_links":{"self":[{"href":"https:\/\/editionsbarometre.fr\/index.php\/wp-json\/wp\/v2\/pages\/19","targetHints":{"allow":["GET"]}}],"collection":[{"href":"https:\/\/editionsbarometre.fr\/index.php\/wp-json\/wp\/v2\/pages"}],"about":[{"href":"https:\/\/editionsbarometre.fr\/index.php\/wp-json\/wp\/v2\/types\/page"}],"author":[{"embeddable":true,"href":"https:\/\/editionsbarometre.fr\/index.php\/wp-json\/wp\/v2\/users\/2"}],"replies":[{"embeddable":true,"href":"https:\/\/editionsbarometre.fr\/index.php\/wp-json\/wp\/v2\/comments?post=19"}],"version-history":[{"count":12,"href":"https:\/\/editionsbarometre.fr\/index.php\/wp-json\/wp\/v2\/pages\/19\/revisions"}],"predecessor-version":[{"id":4534,"href":"https:\/\/editionsbarometre.fr\/index.php\/wp-json\/wp\/v2\/pages\/19\/revisions\/4534"}],"wp:attachment":[{"href":"https:\/\/editionsbarometre.fr\/index.php\/wp-json\/wp\/v2\/media?parent=19"}],"curies":[{"name":"wp","href":"https:\/\/api.w.org\/{rel}","templated":true}]}}