{"id":3,"date":"2022-08-08T14:46:39","date_gmt":"2022-08-08T12:46:39","guid":{"rendered":"http:\/\/editionsbarometre.fr\/?page_id=3"},"modified":"2025-04-05T18:56:47","modified_gmt":"2025-04-05T16:56:47","slug":"politique-de-confidentialite","status":"publish","type":"page","link":"https:\/\/editionsbarometre.fr\/index.php\/politique-de-confidentialite\/","title":{"rendered":"Mentions l\u00e9gales"},"content":{"rendered":"\t\t<div data-elementor-type=\"wp-page\" data-elementor-id=\"3\" class=\"elementor elementor-3\" data-elementor-post-type=\"page\">\n\t\t\t\t\t\t<section class=\"elementor-section elementor-top-section elementor-element elementor-element-81d691b elementor-section-boxed elementor-section-height-default elementor-section-height-default\" data-id=\"81d691b\" data-element_type=\"section\" data-e-type=\"section\">\n\t\t\t\t\t\t<div class=\"elementor-container elementor-column-gap-default\">\n\t\t\t\t\t<div class=\"elementor-column elementor-col-100 elementor-top-column elementor-element elementor-element-c67c608\" data-id=\"c67c608\" data-element_type=\"column\" data-e-type=\"column\">\n\t\t\t<div class=\"elementor-widget-wrap elementor-element-populated\">\n\t\t\t\t\t\t<div class=\"elementor-element elementor-element-a7048e2 elementor-widget elementor-widget-spacer\" data-id=\"a7048e2\" data-element_type=\"widget\" data-e-type=\"widget\" data-widget_type=\"spacer.default\">\n\t\t\t\t<div class=\"elementor-widget-container\">\n\t\t\t\t\t\t\t<div class=\"elementor-spacer\">\n\t\t\t<div class=\"elementor-spacer-inner\"><\/div>\n\t\t<\/div>\n\t\t\t\t\t\t<\/div>\n\t\t\t\t<\/div>\n\t\t\t\t\t<\/div>\n\t\t<\/div>\n\t\t\t\t\t<\/div>\n\t\t<\/section>\n\t\t\t\t<section class=\"elementor-section elementor-top-section elementor-element elementor-element-9668c7a elementor-section-boxed elementor-section-height-default elementor-section-height-default\" data-id=\"9668c7a\" data-element_type=\"section\" data-e-type=\"section\">\n\t\t\t\t\t\t<div class=\"elementor-container elementor-column-gap-default\">\n\t\t\t\t\t<div class=\"elementor-column elementor-col-100 elementor-top-column elementor-element elementor-element-d033409\" data-id=\"d033409\" data-element_type=\"column\" data-e-type=\"column\">\n\t\t\t<div class=\"elementor-widget-wrap elementor-element-populated\">\n\t\t\t\t\t\t<div class=\"elementor-element elementor-element-d4fe49f elementor-widget elementor-widget-heading\" data-id=\"d4fe49f\" data-element_type=\"widget\" data-e-type=\"widget\" data-widget_type=\"heading.default\">\n\t\t\t\t<div class=\"elementor-widget-container\">\n\t\t\t\t\t<h2 class=\"elementor-heading-title elementor-size-default\">Mentions l\u00e9gales<\/h2>\t\t\t\t<\/div>\n\t\t\t\t<\/div>\n\t\t\t\t\t<\/div>\n\t\t<\/div>\n\t\t\t\t\t<\/div>\n\t\t<\/section>\n\t\t\t\t<section class=\"elementor-section elementor-top-section elementor-element elementor-element-8859010 elementor-section-boxed elementor-section-height-default elementor-section-height-default\" data-id=\"8859010\" data-element_type=\"section\" data-e-type=\"section\">\n\t\t\t\t\t\t<div class=\"elementor-container elementor-column-gap-default\">\n\t\t\t\t\t<div class=\"elementor-column elementor-col-100 elementor-top-column elementor-element elementor-element-ee97660\" data-id=\"ee97660\" data-element_type=\"column\" data-e-type=\"column\">\n\t\t\t<div class=\"elementor-widget-wrap elementor-element-populated\">\n\t\t\t\t\t\t<div class=\"elementor-element elementor-element-b68d461 elementor-widget elementor-widget-text-editor\" data-id=\"b68d461\" data-element_type=\"widget\" data-e-type=\"widget\" data-widget_type=\"text-editor.default\">\n\t\t\t\t<div class=\"elementor-widget-container\">\n\t\t\t\t\t\t\t\t\t<h5>Editions Barom\u00e8tre<\/h5><p>Association loi 1901<\/p><p>SIRET\u00a0: 844 676 627 00012<\/p><p>144 avenue Parmentier, 75011 Paris<\/p><p>Mail\u00a0: bonjour@editionsbarometre.fr<\/p><p>H\u00e9bergement\u00a0: OVH Groupe SA, 2 rue Kellermann, 59100 Roubaix<\/p><h5>Politique de confidentialit\u00e9<\/h5><p>Les donn\u00e9es recueillies par les \u00e9ditions Barom\u00e8tre, dans le cadre d\u2019un abonnement \u00e0 la newsletter ou de la vente directe de livres, ne seront en aucun cas transmises \u00e0 des tiers.<\/p><h5>Cookies<\/h5><p>Le site https:\/\/www.editionsbarometre.com a \u00e9t\u00e9 cr\u00e9\u00e9 avec WordPress. Des informations concernant l\u2019utilisateur du site internet pourront \u00eatre collect\u00e9es automatiquement gr\u00e2ce \u00e0 des cookies permettant de suivre la navigation de l\u2019utilisateur au sein du site internet.<\/p><p>Les donn\u00e9es recueillies ne feront l\u2019objet d\u2019aucun traitement de la part des \u00e9ditions Barom\u00e8tre ou de soci\u00e9t\u00e9s tierces. Les informe d\u00e8s \u00e0 pr\u00e9sent l\u2019utilisateur qu\u2019il pourra s\u2019opposer \u00e0 l\u2019enregistrement de cookies en adressant un message \u00e0 bonjour@editionsbarometre.fr.<\/p><p>\u00a0<\/p>\t\t\t\t\t\t\t\t<\/div>\n\t\t\t\t<\/div>\n\t\t\t\t\t<\/div>\n\t\t<\/div>\n\t\t\t\t\t<\/div>\n\t\t<\/section>\n\t\t\t\t<\/div>\n\t\t","protected":false},"excerpt":{"rendered":"<p>Mentions l\u00e9gales Editions Barom\u00e8tre Association loi 1901 SIRET\u00a0: 844 676 627 00012 144 avenue Parmentier, 75011 Paris Mail\u00a0: bonjour@editionsbarometre.fr H\u00e9bergement\u00a0: OVH Groupe SA, 2 rue Kellermann, 59100 Roubaix Politique de confidentialit\u00e9 Les donn\u00e9es recueillies par les \u00e9ditions Barom\u00e8tre, dans le cadre d\u2019un abonnement \u00e0 la newsletter ou de la vente directe de livres, ne seront [&hellip;]<\/p>\n","protected":false},"author":1,"featured_media":0,"parent":0,"menu_order":0,"comment_status":"closed","ping_status":"open","template":"elementor_header_footer","meta":{"footnotes":""},"class_list":["post-3","page","type-page","status-publish","hentry"],"yoast_head":"<!-- This site is optimized with the Yoast SEO plugin v27.5 - https:\/\/yoast.com\/product\/yoast-seo-wordpress\/ -->\n<title>Mentions l\u00e9gales - Editions Barom\u00e8tre<\/title>\n<meta name=\"robots\" content=\"index, follow, max-snippet:-1, max-image-preview:large, max-video-preview:-1\" \/>\n<link rel=\"canonical\" href=\"https:\/\/editionsbarometre.fr\/index.php\/politique-de-confidentialite\/\" \/>\n<meta property=\"og:locale\" content=\"fr_FR\" \/>\n<meta property=\"og:type\" content=\"article\" \/>\n<meta property=\"og:title\" content=\"Mentions l\u00e9gales - Editions Barom\u00e8tre\" \/>\n<meta property=\"og:description\" content=\"Mentions l\u00e9gales Editions Barom\u00e8tre Association loi 1901 SIRET\u00a0: 844 676 627 00012 144 avenue Parmentier, 75011 Paris Mail\u00a0: bonjour@editionsbarometre.fr H\u00e9bergement\u00a0: OVH Groupe SA, 2 rue Kellermann, 59100 Roubaix Politique de confidentialit\u00e9 Les donn\u00e9es recueillies par les \u00e9ditions Barom\u00e8tre, dans le cadre d\u2019un abonnement \u00e0 la newsletter ou de la vente directe de livres, ne seront [&hellip;]\" \/>\n<meta property=\"og:url\" content=\"https:\/\/editionsbarometre.fr\/index.php\/politique-de-confidentialite\/\" \/>\n<meta property=\"og:site_name\" content=\"Editions Barom\u00e8tre\" \/>\n<meta property=\"article:modified_time\" content=\"2025-04-05T16:56:47+00:00\" \/>\n<meta name=\"twitter:card\" content=\"summary_large_image\" \/>\n<meta name=\"twitter:label1\" content=\"Dur\u00e9e de lecture estim\u00e9e\" \/>\n\t<meta name=\"twitter:data1\" content=\"1 minute\" \/>\n<script type=\"application\/ld+json\" class=\"yoast-schema-graph\">{\"@context\":\"https:\\\/\\\/schema.org\",\"@graph\":[{\"@type\":\"WebPage\",\"@id\":\"https:\\\/\\\/editionsbarometre.fr\\\/index.php\\\/politique-de-confidentialite\\\/\",\"url\":\"https:\\\/\\\/editionsbarometre.fr\\\/index.php\\\/politique-de-confidentialite\\\/\",\"name\":\"Mentions l\u00e9gales - Editions Barom\u00e8tre\",\"isPartOf\":{\"@id\":\"https:\\\/\\\/editionsbarometre.fr\\\/#website\"},\"datePublished\":\"2022-08-08T12:46:39+00:00\",\"dateModified\":\"2025-04-05T16:56:47+00:00\",\"breadcrumb\":{\"@id\":\"https:\\\/\\\/editionsbarometre.fr\\\/index.php\\\/politique-de-confidentialite\\\/#breadcrumb\"},\"inLanguage\":\"fr-FR\",\"potentialAction\":[{\"@type\":\"ReadAction\",\"target\":[\"https:\\\/\\\/editionsbarometre.fr\\\/index.php\\\/politique-de-confidentialite\\\/\"]}]},{\"@type\":\"BreadcrumbList\",\"@id\":\"https:\\\/\\\/editionsbarometre.fr\\\/index.php\\\/politique-de-confidentialite\\\/#breadcrumb\",\"itemListElement\":[{\"@type\":\"ListItem\",\"position\":1,\"name\":\"Accueil\",\"item\":\"https:\\\/\\\/editionsbarometre.fr\\\/\"},{\"@type\":\"ListItem\",\"position\":2,\"name\":\"Mentions l\u00e9gales\"}]},{\"@type\":\"WebSite\",\"@id\":\"https:\\\/\\\/editionsbarometre.fr\\\/#website\",\"url\":\"https:\\\/\\\/editionsbarometre.fr\\\/\",\"name\":\"Editions Barom\u00e8tre\",\"description\":\"\",\"publisher\":{\"@id\":\"https:\\\/\\\/editionsbarometre.fr\\\/#organization\"},\"potentialAction\":[{\"@type\":\"SearchAction\",\"target\":{\"@type\":\"EntryPoint\",\"urlTemplate\":\"https:\\\/\\\/editionsbarometre.fr\\\/?s={search_term_string}\"},\"query-input\":{\"@type\":\"PropertyValueSpecification\",\"valueRequired\":true,\"valueName\":\"search_term_string\"}}],\"inLanguage\":\"fr-FR\"},{\"@type\":\"Organization\",\"@id\":\"https:\\\/\\\/editionsbarometre.fr\\\/#organization\",\"name\":\"Editions Barom\u00e8tre\",\"url\":\"https:\\\/\\\/editionsbarometre.fr\\\/\",\"logo\":{\"@type\":\"ImageObject\",\"inLanguage\":\"fr-FR\",\"@id\":\"https:\\\/\\\/editionsbarometre.fr\\\/#\\\/schema\\\/logo\\\/image\\\/\",\"url\":\"https:\\\/\\\/editionsbarometre.fr\\\/wp-content\\\/uploads\\\/2022\\\/03\\\/barometre-new-02.png\",\"contentUrl\":\"https:\\\/\\\/editionsbarometre.fr\\\/wp-content\\\/uploads\\\/2022\\\/03\\\/barometre-new-02.png\",\"width\":4167,\"height\":4167,\"caption\":\"Editions Barom\u00e8tre\"},\"image\":{\"@id\":\"https:\\\/\\\/editionsbarometre.fr\\\/#\\\/schema\\\/logo\\\/image\\\/\"}}]}<\/script>\n<!-- \/ Yoast SEO plugin. -->","yoast_head_json":{"title":"Mentions l\u00e9gales - Editions Barom\u00e8tre","robots":{"index":"index","follow":"follow","max-snippet":"max-snippet:-1","max-image-preview":"max-image-preview:large","max-video-preview":"max-video-preview:-1"},"canonical":"https:\/\/editionsbarometre.fr\/index.php\/politique-de-confidentialite\/","og_locale":"fr_FR","og_type":"article","og_title":"Mentions l\u00e9gales - Editions Barom\u00e8tre","og_description":"Mentions l\u00e9gales Editions Barom\u00e8tre Association loi 1901 SIRET\u00a0: 844 676 627 00012 144 avenue Parmentier, 75011 Paris Mail\u00a0: bonjour@editionsbarometre.fr H\u00e9bergement\u00a0: OVH Groupe SA, 2 rue Kellermann, 59100 Roubaix Politique de confidentialit\u00e9 Les donn\u00e9es recueillies par les \u00e9ditions Barom\u00e8tre, dans le cadre d\u2019un abonnement \u00e0 la newsletter ou de la vente directe de livres, ne seront [&hellip;]","og_url":"https:\/\/editionsbarometre.fr\/index.php\/politique-de-confidentialite\/","og_site_name":"Editions Barom\u00e8tre","article_modified_time":"2025-04-05T16:56:47+00:00","twitter_card":"summary_large_image","twitter_misc":{"Dur\u00e9e de lecture estim\u00e9e":"1 minute"},"schema":{"@context":"https:\/\/schema.org","@graph":[{"@type":"WebPage","@id":"https:\/\/editionsbarometre.fr\/index.php\/politique-de-confidentialite\/","url":"https:\/\/editionsbarometre.fr\/index.php\/politique-de-confidentialite\/","name":"Mentions l\u00e9gales - Editions Barom\u00e8tre","isPartOf":{"@id":"https:\/\/editionsbarometre.fr\/#website"},"datePublished":"2022-08-08T12:46:39+00:00","dateModified":"2025-04-05T16:56:47+00:00","breadcrumb":{"@id":"https:\/\/editionsbarometre.fr\/index.php\/politique-de-confidentialite\/#breadcrumb"},"inLanguage":"fr-FR","potentialAction":[{"@type":"ReadAction","target":["https:\/\/editionsbarometre.fr\/index.php\/politique-de-confidentialite\/"]}]},{"@type":"BreadcrumbList","@id":"https:\/\/editionsbarometre.fr\/index.php\/politique-de-confidentialite\/#breadcrumb","itemListElement":[{"@type":"ListItem","position":1,"name":"Accueil","item":"https:\/\/editionsbarometre.fr\/"},{"@type":"ListItem","position":2,"name":"Mentions l\u00e9gales"}]},{"@type":"WebSite","@id":"https:\/\/editionsbarometre.fr\/#website","url":"https:\/\/editionsbarometre.fr\/","name":"Editions Barom\u00e8tre","description":"","publisher":{"@id":"https:\/\/editionsbarometre.fr\/#organization"},"potentialAction":[{"@type":"SearchAction","target":{"@type":"EntryPoint","urlTemplate":"https:\/\/editionsbarometre.fr\/?s={search_term_string}"},"query-input":{"@type":"PropertyValueSpecification","valueRequired":true,"valueName":"search_term_string"}}],"inLanguage":"fr-FR"},{"@type":"Organization","@id":"https:\/\/editionsbarometre.fr\/#organization","name":"Editions Barom\u00e8tre","url":"https:\/\/editionsbarometre.fr\/","logo":{"@type":"ImageObject","inLanguage":"fr-FR","@id":"https:\/\/editionsbarometre.fr\/#\/schema\/logo\/image\/","url":"https:\/\/editionsbarometre.fr\/wp-content\/uploads\/2022\/03\/barometre-new-02.png","contentUrl":"https:\/\/editionsbarometre.fr\/wp-content\/uploads\/2022\/03\/barometre-new-02.png","width":4167,"height":4167,"caption":"Editions Barom\u00e8tre"},"image":{"@id":"https:\/\/editionsbarometre.fr\/#\/schema\/logo\/image\/"}}]}},"jetpack_sharing_enabled":true,"_links":{"self":[{"href":"https:\/\/editionsbarometre.fr\/index.php\/wp-json\/wp\/v2\/pages\/3","targetHints":{"allow":["GET"]}}],"collection":[{"href":"https:\/\/editionsbarometre.fr\/index.php\/wp-json\/wp\/v2\/pages"}],"about":[{"href":"https:\/\/editionsbarometre.fr\/index.php\/wp-json\/wp\/v2\/types\/page"}],"author":[{"embeddable":true,"href":"https:\/\/editionsbarometre.fr\/index.php\/wp-json\/wp\/v2\/users\/1"}],"replies":[{"embeddable":true,"href":"https:\/\/editionsbarometre.fr\/index.php\/wp-json\/wp\/v2\/comments?post=3"}],"version-history":[{"count":6,"href":"https:\/\/editionsbarometre.fr\/index.php\/wp-json\/wp\/v2\/pages\/3\/revisions"}],"predecessor-version":[{"id":4071,"href":"https:\/\/editionsbarometre.fr\/index.php\/wp-json\/wp\/v2\/pages\/3\/revisions\/4071"}],"wp:attachment":[{"href":"https:\/\/editionsbarometre.fr\/index.php\/wp-json\/wp\/v2\/media?parent=3"}],"curies":[{"name":"wp","href":"https:\/\/api.w.org\/{rel}","templated":true}]}}