{"id":4014,"date":"2025-04-05T15:57:07","date_gmt":"2025-04-05T13:57:07","guid":{"rendered":"https:\/\/editionsbarometre.fr\/?page_id=4014"},"modified":"2025-04-23T16:51:02","modified_gmt":"2025-04-23T14:51:02","slug":"credits-photos","status":"publish","type":"page","link":"https:\/\/editionsbarometre.fr\/index.php\/credits-photos\/","title":{"rendered":"Cr\u00e9dits photos"},"content":{"rendered":"\t\t<div data-elementor-type=\"wp-page\" data-elementor-id=\"4014\" class=\"elementor elementor-4014\" data-elementor-post-type=\"page\">\n\t\t\t\t\t\t<section class=\"elementor-section elementor-top-section elementor-element elementor-element-2954540 elementor-section-boxed elementor-section-height-default elementor-section-height-default\" data-id=\"2954540\" data-element_type=\"section\" data-e-type=\"section\">\n\t\t\t\t\t\t<div class=\"elementor-container elementor-column-gap-default\">\n\t\t\t\t\t<div class=\"elementor-column elementor-col-100 elementor-top-column elementor-element elementor-element-2f85f20\" data-id=\"2f85f20\" data-element_type=\"column\" data-e-type=\"column\">\n\t\t\t<div class=\"elementor-widget-wrap elementor-element-populated\">\n\t\t\t\t\t\t<div class=\"elementor-element elementor-element-fb6ab9f elementor-widget elementor-widget-spacer\" data-id=\"fb6ab9f\" data-element_type=\"widget\" data-e-type=\"widget\" data-widget_type=\"spacer.default\">\n\t\t\t\t<div class=\"elementor-widget-container\">\n\t\t\t\t\t\t\t<div class=\"elementor-spacer\">\n\t\t\t<div class=\"elementor-spacer-inner\"><\/div>\n\t\t<\/div>\n\t\t\t\t\t\t<\/div>\n\t\t\t\t<\/div>\n\t\t\t\t\t<\/div>\n\t\t<\/div>\n\t\t\t\t\t<\/div>\n\t\t<\/section>\n\t\t\t\t<section class=\"elementor-section elementor-top-section elementor-element elementor-element-4c011aa elementor-section-boxed elementor-section-height-default elementor-section-height-default\" data-id=\"4c011aa\" data-element_type=\"section\" data-e-type=\"section\">\n\t\t\t\t\t\t<div class=\"elementor-container elementor-column-gap-default\">\n\t\t\t\t\t<div class=\"elementor-column elementor-col-100 elementor-top-column elementor-element elementor-element-8af52ec\" data-id=\"8af52ec\" data-element_type=\"column\" data-e-type=\"column\">\n\t\t\t<div class=\"elementor-widget-wrap\">\n\t\t\t\t\t\t\t<\/div>\n\t\t<\/div>\n\t\t\t\t\t<\/div>\n\t\t<\/section>\n\t\t\t\t<section class=\"elementor-section elementor-top-section elementor-element elementor-element-bdc18cc elementor-section-boxed elementor-section-height-default elementor-section-height-default\" data-id=\"bdc18cc\" data-element_type=\"section\" data-e-type=\"section\">\n\t\t\t\t\t\t<div class=\"elementor-container elementor-column-gap-default\">\n\t\t\t\t\t<div class=\"elementor-column elementor-col-100 elementor-top-column elementor-element elementor-element-37cacf3\" data-id=\"37cacf3\" data-element_type=\"column\" data-e-type=\"column\">\n\t\t\t<div class=\"elementor-widget-wrap elementor-element-populated\">\n\t\t\t\t\t\t<div class=\"elementor-element elementor-element-0217ff4 elementor-widget elementor-widget-heading\" data-id=\"0217ff4\" data-element_type=\"widget\" data-e-type=\"widget\" data-widget_type=\"heading.default\">\n\t\t\t\t<div class=\"elementor-widget-container\">\n\t\t\t\t\t<h2 class=\"elementor-heading-title elementor-size-default\">PHOTOS PAGE D'ACCUEIL ET BLOG<\/h2>\t\t\t\t<\/div>\n\t\t\t\t<\/div>\n\t\t\t\t\t<\/div>\n\t\t<\/div>\n\t\t\t\t\t<\/div>\n\t\t<\/section>\n\t\t\t\t<section class=\"elementor-section elementor-top-section elementor-element elementor-element-1e4ef9a elementor-section-boxed elementor-section-height-default elementor-section-height-default\" data-id=\"1e4ef9a\" data-element_type=\"section\" data-e-type=\"section\">\n\t\t\t\t\t\t<div class=\"elementor-container elementor-column-gap-default\">\n\t\t\t\t\t<div class=\"elementor-column elementor-col-100 elementor-top-column elementor-element elementor-element-f779883\" data-id=\"f779883\" data-element_type=\"column\" data-e-type=\"column\">\n\t\t\t<div class=\"elementor-widget-wrap elementor-element-populated\">\n\t\t\t\t\t\t<div class=\"elementor-element elementor-element-04380f2 elementor-widget elementor-widget-spacer\" data-id=\"04380f2\" data-element_type=\"widget\" data-e-type=\"widget\" data-widget_type=\"spacer.default\">\n\t\t\t\t<div class=\"elementor-widget-container\">\n\t\t\t\t\t\t\t<div class=\"elementor-spacer\">\n\t\t\t<div class=\"elementor-spacer-inner\"><\/div>\n\t\t<\/div>\n\t\t\t\t\t\t<\/div>\n\t\t\t\t<\/div>\n\t\t\t\t\t<\/div>\n\t\t<\/div>\n\t\t\t\t\t<\/div>\n\t\t<\/section>\n\t\t\t\t<section class=\"elementor-section elementor-top-section elementor-element elementor-element-f84d7d8 elementor-section-boxed elementor-section-height-default elementor-section-height-default\" data-id=\"f84d7d8\" data-element_type=\"section\" data-e-type=\"section\">\n\t\t\t\t\t\t<div class=\"elementor-container elementor-column-gap-default\">\n\t\t\t\t\t<div class=\"elementor-column elementor-col-100 elementor-top-column elementor-element elementor-element-2a32a4a\" data-id=\"2a32a4a\" data-element_type=\"column\" data-e-type=\"column\">\n\t\t\t<div class=\"elementor-widget-wrap elementor-element-populated\">\n\t\t\t\t\t\t<div class=\"elementor-element elementor-element-c343cee elementor-widget elementor-widget-gallery\" data-id=\"c343cee\" data-element_type=\"widget\" data-e-type=\"widget\" data-settings=\"{&quot;gallery_layout&quot;:&quot;masonry&quot;,&quot;columns&quot;:3,&quot;overlay_title&quot;:&quot;caption&quot;,&quot;lazyload&quot;:&quot;yes&quot;,&quot;columns_tablet&quot;:2,&quot;columns_mobile&quot;:1,&quot;gap&quot;:{&quot;unit&quot;:&quot;px&quot;,&quot;size&quot;:10,&quot;sizes&quot;:[]},&quot;gap_tablet&quot;:{&quot;unit&quot;:&quot;px&quot;,&quot;size&quot;:10,&quot;sizes&quot;:[]},&quot;gap_mobile&quot;:{&quot;unit&quot;:&quot;px&quot;,&quot;size&quot;:10,&quot;sizes&quot;:[]},&quot;link_to&quot;:&quot;file&quot;,&quot;overlay_background&quot;:&quot;yes&quot;,&quot;content_hover_animation&quot;:&quot;fade-in&quot;}\" data-widget_type=\"gallery.default\">\n\t\t\t\t<div class=\"elementor-widget-container\">\n\t\t\t\t\t\t\t<div class=\"elementor-gallery__container\">\n\t\t\t\t\t\t\t<a class=\"e-gallery-item elementor-gallery-item elementor-animated-content\" href=\"https:\/\/editionsbarometre.fr\/wp-content\/uploads\/2025\/03\/27064420981_960bc3fbc6_o.jpg\" data-elementor-open-lightbox=\"yes\" data-elementor-lightbox-slideshow=\"c343cee\" data-elementor-lightbox-title=\"27064420981_960bc3fbc6_o\" data-e-action-hash=\"#elementor-action%3Aaction%3Dlightbox%26settings%3DeyJpZCI6Mzc2NSwidXJsIjoiaHR0cHM6XC9cL2VkaXRpb25zYmFyb21ldHJlLmZyXC93cC1jb250ZW50XC91cGxvYWRzXC8yMDI1XC8wM1wvMjcwNjQ0MjA5ODFfOTYwYmMzZmJjNl9vLmpwZyIsInNsaWRlc2hvdyI6ImMzNDNjZWUifQ%3D%3D\">\n\t\t\t\t\t<div class=\"e-gallery-image elementor-gallery-item__image\" data-thumbnail=\"https:\/\/editionsbarometre.fr\/wp-content\/uploads\/2025\/03\/27064420981_960bc3fbc6_o.jpg\" data-width=\"1\" data-height=\"1\" aria-label=\"\" role=\"img\" ><\/div>\n\t\t\t\t\t\t\t\t\t\t\t<div class=\"elementor-gallery-item__overlay\"><\/div>\n\t\t\t\t\t\t\t\t\t\t\t\t\t\t\t<div class=\"elementor-gallery-item__content\">\n\t\t\t\t\t\t\t\t\t\t\t\t\t\t<div class=\"elementor-gallery-item__title\">\n\t\t\t\t\t\t\t\t\t\t\t\t\t\t\t\t\t\t\u00a9Le chemin blanc \/ Ylliab Photo on Visualhunt\t\t\t\t\t\t\t\t<\/div>\n\t\t\t\t\t\t\t\t\t\t\t\t<\/div>\n\t\t\t\t\t\t\t\t\t<\/a>\n\t\t\t\t\t\t\t<a class=\"e-gallery-item elementor-gallery-item elementor-animated-content\" href=\"https:\/\/editionsbarometre.fr\/wp-content\/uploads\/2025\/03\/28455351532_44423facee_h.jpg\" data-elementor-open-lightbox=\"yes\" data-elementor-lightbox-slideshow=\"c343cee\" data-elementor-lightbox-title=\"28455351532_44423facee_h\" data-e-action-hash=\"#elementor-action%3Aaction%3Dlightbox%26settings%3DeyJpZCI6Mzc4MywidXJsIjoiaHR0cHM6XC9cL2VkaXRpb25zYmFyb21ldHJlLmZyXC93cC1jb250ZW50XC91cGxvYWRzXC8yMDI1XC8wM1wvMjg0NTUzNTE1MzJfNDQ0MjNmYWNlZV9oLmpwZyIsInNsaWRlc2hvdyI6ImMzNDNjZWUifQ%3D%3D\">\n\t\t\t\t\t<div class=\"e-gallery-image elementor-gallery-item__image\" data-thumbnail=\"https:\/\/editionsbarometre.fr\/wp-content\/uploads\/2025\/03\/28455351532_44423facee_h-300x199.jpg\" data-width=\"300\" data-height=\"199\" aria-label=\"\" role=\"img\" ><\/div>\n\t\t\t\t\t\t\t\t\t\t\t<div class=\"elementor-gallery-item__overlay\"><\/div>\n\t\t\t\t\t\t\t\t\t\t\t\t\t\t\t<div class=\"elementor-gallery-item__content\">\n\t\t\t\t\t\t\t\t\t\t\t\t\t\t<div class=\"elementor-gallery-item__title\">\n\t\t\t\t\t\t\t\t\t\t\t\t\t\t\t\t\t\t\u00a9shankar s. on VisualHunt\t\t\t\t\t\t\t\t<\/div>\n\t\t\t\t\t\t\t\t\t\t\t\t<\/div>\n\t\t\t\t\t\t\t\t\t<\/a>\n\t\t\t\t\t\t\t<a class=\"e-gallery-item elementor-gallery-item elementor-animated-content\" href=\"https:\/\/editionsbarometre.fr\/wp-content\/uploads\/2025\/03\/37971744_19fa1b9572_h.jpg\" data-elementor-open-lightbox=\"yes\" data-elementor-lightbox-slideshow=\"c343cee\" data-elementor-lightbox-title=\"37971744_19fa1b9572_h\" data-e-action-hash=\"#elementor-action%3Aaction%3Dlightbox%26settings%3DeyJpZCI6MzY5NSwidXJsIjoiaHR0cHM6XC9cL2VkaXRpb25zYmFyb21ldHJlLmZyXC93cC1jb250ZW50XC91cGxvYWRzXC8yMDI1XC8wM1wvMzc5NzE3NDRfMTlmYTFiOTU3Ml9oLmpwZyIsInNsaWRlc2hvdyI6ImMzNDNjZWUifQ%3D%3D\">\n\t\t\t\t\t<div class=\"e-gallery-image elementor-gallery-item__image\" data-thumbnail=\"https:\/\/editionsbarometre.fr\/wp-content\/uploads\/2025\/03\/37971744_19fa1b9572_h-300x225.jpg\" data-width=\"300\" data-height=\"225\" aria-label=\"\" role=\"img\" ><\/div>\n\t\t\t\t\t\t\t\t\t\t\t<div class=\"elementor-gallery-item__overlay\"><\/div>\n\t\t\t\t\t\t\t\t\t\t\t\t\t\t\t<div class=\"elementor-gallery-item__content\">\n\t\t\t\t\t\t\t\t\t\t\t\t\t\t<div class=\"elementor-gallery-item__title\">\n\t\t\t\t\t\t\t\t\t\t\t\t\t\t\t\t\t\t\u00a9Le vieux barom\u00e8tre \/ Sunfox on VisualHunt \t\t\t\t\t\t\t\t<\/div>\n\t\t\t\t\t\t\t\t\t\t\t\t<\/div>\n\t\t\t\t\t\t\t\t\t<\/a>\n\t\t\t\t\t\t\t<a class=\"e-gallery-item elementor-gallery-item elementor-animated-content\" href=\"https:\/\/editionsbarometre.fr\/wp-content\/uploads\/2025\/03\/4434394020_fc999dff19_h.jpg\" data-elementor-open-lightbox=\"yes\" data-elementor-lightbox-slideshow=\"c343cee\" data-elementor-lightbox-title=\"4434394020_fc999dff19_h\" data-e-action-hash=\"#elementor-action%3Aaction%3Dlightbox%26settings%3DeyJpZCI6Mzc3NSwidXJsIjoiaHR0cHM6XC9cL2VkaXRpb25zYmFyb21ldHJlLmZyXC93cC1jb250ZW50XC91cGxvYWRzXC8yMDI1XC8wM1wvNDQzNDM5NDAyMF9mYzk5OWRmZjE5X2guanBnIiwic2xpZGVzaG93IjoiYzM0M2NlZSJ9\">\n\t\t\t\t\t<div class=\"e-gallery-image elementor-gallery-item__image\" data-thumbnail=\"https:\/\/editionsbarometre.fr\/wp-content\/uploads\/2025\/03\/4434394020_fc999dff19_h-201x300.jpg\" data-width=\"201\" data-height=\"300\" aria-label=\"\" role=\"img\" ><\/div>\n\t\t\t\t\t\t\t\t\t\t\t<div class=\"elementor-gallery-item__overlay\"><\/div>\n\t\t\t\t\t\t\t\t\t\t\t\t\t\t\t<div class=\"elementor-gallery-item__content\">\n\t\t\t\t\t\t\t\t\t\t\t\t\t\t<div class=\"elementor-gallery-item__title\">\n\t\t\t\t\t\t\t\t\t\t\t\t\t\t\t\t\t\t\u00a9Eneas on VisualHunt\t\t\t\t\t\t\t\t<\/div>\n\t\t\t\t\t\t\t\t\t\t\t\t<\/div>\n\t\t\t\t\t\t\t\t\t<\/a>\n\t\t\t\t\t<\/div>\n\t\t\t\t\t<\/div>\n\t\t\t\t<\/div>\n\t\t\t\t\t<\/div>\n\t\t<\/div>\n\t\t\t\t\t<\/div>\n\t\t<\/section>\n\t\t\t\t<section class=\"elementor-section elementor-top-section elementor-element elementor-element-83db709 elementor-section-boxed elementor-section-height-default elementor-section-height-default\" data-id=\"83db709\" data-element_type=\"section\" data-e-type=\"section\">\n\t\t\t\t\t\t<div class=\"elementor-container elementor-column-gap-default\">\n\t\t\t\t\t<div class=\"elementor-column elementor-col-100 elementor-top-column elementor-element elementor-element-3050a38\" data-id=\"3050a38\" data-element_type=\"column\" data-e-type=\"column\">\n\t\t\t<div class=\"elementor-widget-wrap elementor-element-populated\">\n\t\t\t\t\t\t<div class=\"elementor-element elementor-element-b88408e elementor-widget elementor-widget-spacer\" data-id=\"b88408e\" data-element_type=\"widget\" data-e-type=\"widget\" data-widget_type=\"spacer.default\">\n\t\t\t\t<div class=\"elementor-widget-container\">\n\t\t\t\t\t\t\t<div class=\"elementor-spacer\">\n\t\t\t<div class=\"elementor-spacer-inner\"><\/div>\n\t\t<\/div>\n\t\t\t\t\t\t<\/div>\n\t\t\t\t<\/div>\n\t\t\t\t\t<\/div>\n\t\t<\/div>\n\t\t\t\t\t<\/div>\n\t\t<\/section>\n\t\t\t\t<\/div>\n\t\t","protected":false},"excerpt":{"rendered":"<p>PHOTOS PAGE D&rsquo;ACCUEIL ET BLOG \u00a9shankar s. on VisualHunt \u00a9Le vieux barom\u00e8tre \/ Sunfox on VisualHunt \u00a9Eneas on VisualHunt \u00a9Le chemin blanc \/ Ylliab Photo on Visualhunt<\/p>\n","protected":false},"author":2,"featured_media":0,"parent":0,"menu_order":0,"comment_status":"closed","ping_status":"closed","template":"elementor_header_footer","meta":{"footnotes":""},"class_list":["post-4014","page","type-page","status-publish","hentry"],"yoast_head":"<!-- This site is optimized with the Yoast SEO plugin v27.5 - https:\/\/yoast.com\/product\/yoast-seo-wordpress\/ -->\n<title>Cr\u00e9dits photos - Editions Barom\u00e8tre<\/title>\n<meta name=\"robots\" content=\"index, follow, max-snippet:-1, max-image-preview:large, max-video-preview:-1\" \/>\n<link rel=\"canonical\" href=\"https:\/\/editionsbarometre.fr\/index.php\/credits-photos\/\" \/>\n<meta property=\"og:locale\" content=\"fr_FR\" \/>\n<meta property=\"og:type\" content=\"article\" \/>\n<meta property=\"og:title\" content=\"Cr\u00e9dits photos - Editions Barom\u00e8tre\" \/>\n<meta property=\"og:description\" content=\"PHOTOS PAGE D&rsquo;ACCUEIL ET BLOG \u00a9shankar s. on VisualHunt \u00a9Le vieux barom\u00e8tre \/ Sunfox on VisualHunt \u00a9Eneas on VisualHunt \u00a9Le chemin blanc \/ Ylliab Photo on Visualhunt\" \/>\n<meta property=\"og:url\" content=\"https:\/\/editionsbarometre.fr\/index.php\/credits-photos\/\" \/>\n<meta property=\"og:site_name\" content=\"Editions Barom\u00e8tre\" \/>\n<meta property=\"article:modified_time\" content=\"2025-04-23T14:51:02+00:00\" \/>\n<meta name=\"twitter:card\" content=\"summary_large_image\" \/>\n<meta name=\"twitter:label1\" content=\"Dur\u00e9e de lecture estim\u00e9e\" \/>\n\t<meta name=\"twitter:data1\" content=\"1 minute\" \/>\n<script type=\"application\/ld+json\" class=\"yoast-schema-graph\">{\"@context\":\"https:\\\/\\\/schema.org\",\"@graph\":[{\"@type\":\"WebPage\",\"@id\":\"https:\\\/\\\/editionsbarometre.fr\\\/index.php\\\/credits-photos\\\/\",\"url\":\"https:\\\/\\\/editionsbarometre.fr\\\/index.php\\\/credits-photos\\\/\",\"name\":\"Cr\u00e9dits photos - Editions Barom\u00e8tre\",\"isPartOf\":{\"@id\":\"https:\\\/\\\/editionsbarometre.fr\\\/#website\"},\"datePublished\":\"2025-04-05T13:57:07+00:00\",\"dateModified\":\"2025-04-23T14:51:02+00:00\",\"breadcrumb\":{\"@id\":\"https:\\\/\\\/editionsbarometre.fr\\\/index.php\\\/credits-photos\\\/#breadcrumb\"},\"inLanguage\":\"fr-FR\",\"potentialAction\":[{\"@type\":\"ReadAction\",\"target\":[\"https:\\\/\\\/editionsbarometre.fr\\\/index.php\\\/credits-photos\\\/\"]}]},{\"@type\":\"BreadcrumbList\",\"@id\":\"https:\\\/\\\/editionsbarometre.fr\\\/index.php\\\/credits-photos\\\/#breadcrumb\",\"itemListElement\":[{\"@type\":\"ListItem\",\"position\":1,\"name\":\"Accueil\",\"item\":\"https:\\\/\\\/editionsbarometre.fr\\\/\"},{\"@type\":\"ListItem\",\"position\":2,\"name\":\"Cr\u00e9dits photos\"}]},{\"@type\":\"WebSite\",\"@id\":\"https:\\\/\\\/editionsbarometre.fr\\\/#website\",\"url\":\"https:\\\/\\\/editionsbarometre.fr\\\/\",\"name\":\"Editions Barom\u00e8tre\",\"description\":\"\",\"publisher\":{\"@id\":\"https:\\\/\\\/editionsbarometre.fr\\\/#organization\"},\"potentialAction\":[{\"@type\":\"SearchAction\",\"target\":{\"@type\":\"EntryPoint\",\"urlTemplate\":\"https:\\\/\\\/editionsbarometre.fr\\\/?s={search_term_string}\"},\"query-input\":{\"@type\":\"PropertyValueSpecification\",\"valueRequired\":true,\"valueName\":\"search_term_string\"}}],\"inLanguage\":\"fr-FR\"},{\"@type\":\"Organization\",\"@id\":\"https:\\\/\\\/editionsbarometre.fr\\\/#organization\",\"name\":\"Editions Barom\u00e8tre\",\"url\":\"https:\\\/\\\/editionsbarometre.fr\\\/\",\"logo\":{\"@type\":\"ImageObject\",\"inLanguage\":\"fr-FR\",\"@id\":\"https:\\\/\\\/editionsbarometre.fr\\\/#\\\/schema\\\/logo\\\/image\\\/\",\"url\":\"https:\\\/\\\/editionsbarometre.fr\\\/wp-content\\\/uploads\\\/2022\\\/03\\\/barometre-new-02.png\",\"contentUrl\":\"https:\\\/\\\/editionsbarometre.fr\\\/wp-content\\\/uploads\\\/2022\\\/03\\\/barometre-new-02.png\",\"width\":4167,\"height\":4167,\"caption\":\"Editions Barom\u00e8tre\"},\"image\":{\"@id\":\"https:\\\/\\\/editionsbarometre.fr\\\/#\\\/schema\\\/logo\\\/image\\\/\"}}]}<\/script>\n<!-- \/ Yoast SEO plugin. -->","yoast_head_json":{"title":"Cr\u00e9dits photos - Editions Barom\u00e8tre","robots":{"index":"index","follow":"follow","max-snippet":"max-snippet:-1","max-image-preview":"max-image-preview:large","max-video-preview":"max-video-preview:-1"},"canonical":"https:\/\/editionsbarometre.fr\/index.php\/credits-photos\/","og_locale":"fr_FR","og_type":"article","og_title":"Cr\u00e9dits photos - Editions Barom\u00e8tre","og_description":"PHOTOS PAGE D&rsquo;ACCUEIL ET BLOG \u00a9shankar s. on VisualHunt \u00a9Le vieux barom\u00e8tre \/ Sunfox on VisualHunt \u00a9Eneas on VisualHunt \u00a9Le chemin blanc \/ Ylliab Photo on Visualhunt","og_url":"https:\/\/editionsbarometre.fr\/index.php\/credits-photos\/","og_site_name":"Editions Barom\u00e8tre","article_modified_time":"2025-04-23T14:51:02+00:00","twitter_card":"summary_large_image","twitter_misc":{"Dur\u00e9e de lecture estim\u00e9e":"1 minute"},"schema":{"@context":"https:\/\/schema.org","@graph":[{"@type":"WebPage","@id":"https:\/\/editionsbarometre.fr\/index.php\/credits-photos\/","url":"https:\/\/editionsbarometre.fr\/index.php\/credits-photos\/","name":"Cr\u00e9dits photos - Editions Barom\u00e8tre","isPartOf":{"@id":"https:\/\/editionsbarometre.fr\/#website"},"datePublished":"2025-04-05T13:57:07+00:00","dateModified":"2025-04-23T14:51:02+00:00","breadcrumb":{"@id":"https:\/\/editionsbarometre.fr\/index.php\/credits-photos\/#breadcrumb"},"inLanguage":"fr-FR","potentialAction":[{"@type":"ReadAction","target":["https:\/\/editionsbarometre.fr\/index.php\/credits-photos\/"]}]},{"@type":"BreadcrumbList","@id":"https:\/\/editionsbarometre.fr\/index.php\/credits-photos\/#breadcrumb","itemListElement":[{"@type":"ListItem","position":1,"name":"Accueil","item":"https:\/\/editionsbarometre.fr\/"},{"@type":"ListItem","position":2,"name":"Cr\u00e9dits photos"}]},{"@type":"WebSite","@id":"https:\/\/editionsbarometre.fr\/#website","url":"https:\/\/editionsbarometre.fr\/","name":"Editions Barom\u00e8tre","description":"","publisher":{"@id":"https:\/\/editionsbarometre.fr\/#organization"},"potentialAction":[{"@type":"SearchAction","target":{"@type":"EntryPoint","urlTemplate":"https:\/\/editionsbarometre.fr\/?s={search_term_string}"},"query-input":{"@type":"PropertyValueSpecification","valueRequired":true,"valueName":"search_term_string"}}],"inLanguage":"fr-FR"},{"@type":"Organization","@id":"https:\/\/editionsbarometre.fr\/#organization","name":"Editions Barom\u00e8tre","url":"https:\/\/editionsbarometre.fr\/","logo":{"@type":"ImageObject","inLanguage":"fr-FR","@id":"https:\/\/editionsbarometre.fr\/#\/schema\/logo\/image\/","url":"https:\/\/editionsbarometre.fr\/wp-content\/uploads\/2022\/03\/barometre-new-02.png","contentUrl":"https:\/\/editionsbarometre.fr\/wp-content\/uploads\/2022\/03\/barometre-new-02.png","width":4167,"height":4167,"caption":"Editions Barom\u00e8tre"},"image":{"@id":"https:\/\/editionsbarometre.fr\/#\/schema\/logo\/image\/"}}]}},"jetpack_sharing_enabled":true,"_links":{"self":[{"href":"https:\/\/editionsbarometre.fr\/index.php\/wp-json\/wp\/v2\/pages\/4014","targetHints":{"allow":["GET"]}}],"collection":[{"href":"https:\/\/editionsbarometre.fr\/index.php\/wp-json\/wp\/v2\/pages"}],"about":[{"href":"https:\/\/editionsbarometre.fr\/index.php\/wp-json\/wp\/v2\/types\/page"}],"author":[{"embeddable":true,"href":"https:\/\/editionsbarometre.fr\/index.php\/wp-json\/wp\/v2\/users\/2"}],"replies":[{"embeddable":true,"href":"https:\/\/editionsbarometre.fr\/index.php\/wp-json\/wp\/v2\/comments?post=4014"}],"version-history":[{"count":19,"href":"https:\/\/editionsbarometre.fr\/index.php\/wp-json\/wp\/v2\/pages\/4014\/revisions"}],"predecessor-version":[{"id":4476,"href":"https:\/\/editionsbarometre.fr\/index.php\/wp-json\/wp\/v2\/pages\/4014\/revisions\/4476"}],"wp:attachment":[{"href":"https:\/\/editionsbarometre.fr\/index.php\/wp-json\/wp\/v2\/media?parent=4014"}],"curies":[{"name":"wp","href":"https:\/\/api.w.org\/{rel}","templated":true}]}}